{"id":153,"date":"2019-06-26T18:56:57","date_gmt":"2019-06-26T18:56:57","guid":{"rendered":"http:\/\/symbiofilter.de\/?page_id=153"},"modified":"2019-06-26T18:59:29","modified_gmt":"2019-06-26T18:59:29","slug":"impressum","status":"publish","type":"page","link":"https:\/\/symbiofilter.de\/?page_id=153","title":{"rendered":"Kontakt &#038; Impressum"},"content":{"rendered":"<div id=\"dslc-theme-content\"><div id=\"dslc-theme-content-inner\"><div role=\"form\" class=\"wpcf7\" id=\"wpcf7-f150-o1\" lang=\"de-DE\" dir=\"ltr\">\n<div class=\"screen-reader-response\"><p role=\"status\" aria-live=\"polite\" aria-atomic=\"true\"><\/p> <ul><\/ul><\/div>\n<form action=\"\/index.php?rest_route=%2Fwp%2Fv2%2Fpages%2F153#wpcf7-f150-o1\" method=\"post\" class=\"wpcf7-form init\" novalidate=\"novalidate\" data-status=\"init\">\n<div style=\"display: none;\">\n<input type=\"hidden\" name=\"_wpcf7\" value=\"150\" \/>\n<input type=\"hidden\" name=\"_wpcf7_version\" value=\"5.4.1\" \/>\n<input type=\"hidden\" name=\"_wpcf7_locale\" value=\"de_DE\" \/>\n<input type=\"hidden\" name=\"_wpcf7_unit_tag\" value=\"wpcf7-f150-o1\" \/>\n<input type=\"hidden\" name=\"_wpcf7_container_post\" value=\"0\" \/>\n<input type=\"hidden\" name=\"_wpcf7_posted_data_hash\" value=\"\" \/>\n<\/div>\n<p><label> Dein Name (Pflichtfeld)<br \/>\n    <span class=\"wpcf7-form-control-wrap your-name\"><input type=\"text\" name=\"your-name\" value=\"\" size=\"40\" class=\"wpcf7-form-control wpcf7-text wpcf7-validates-as-required\" aria-required=\"true\" aria-invalid=\"false\" \/><\/span> <\/label><\/p>\n<p><label> Deine E-Mail-Adresse (Pflichtfeld)<br \/>\n    <span class=\"wpcf7-form-control-wrap your-email\"><input type=\"email\" name=\"your-email\" value=\"\" size=\"40\" class=\"wpcf7-form-control wpcf7-text wpcf7-email wpcf7-validates-as-required wpcf7-validates-as-email\" aria-required=\"true\" aria-invalid=\"false\" \/><\/span> <\/label><\/p>\n<p><label> Betreff<br \/>\n    <span class=\"wpcf7-form-control-wrap your-subject\"><input type=\"text\" name=\"your-subject\" value=\"\" size=\"40\" class=\"wpcf7-form-control wpcf7-text\" aria-invalid=\"false\" \/><\/span> <\/label><\/p>\n<p><label> Deine Nachricht<br \/>\n    <span class=\"wpcf7-form-control-wrap your-message\"><textarea name=\"your-message\" cols=\"40\" rows=\"10\" class=\"wpcf7-form-control wpcf7-textarea\" aria-invalid=\"false\"><\/textarea><\/span> <\/label><\/p>\n<p><input type=\"submit\" value=\"Senden\" class=\"wpcf7-form-control wpcf7-submit\" \/><\/p>\n<div class=\"wpcf7-response-output\" aria-hidden=\"true\"><\/div><\/form><\/div>\n\n\n<h2>Angaben gem\u00e4\u00df \u00a7 5 TMG:<\/h2><p>Rechtsform: Gesellschaft mit beschr\u00e4nkter Haftung (GmbH)<br>Aqua Light GmbH<br>Am Basterpohl 6<br>Bramsche <br>49565<\/p><h2>Vertreten durch:<\/h2><p>Dipl. Biol. Helgo Feige<\/p><h2>Kontakt:<\/h2><table><tr><td>Telefon: <\/td><td>+49 (0) 5468 939 446<\/td><\/tr><tr><td>Telefax: <\/td><td>+49 (0) 5468 939 153<\/td><\/tr><tr><td>E-Mail: <\/td><td><img src='https:\/\/symbiofilter.de\/wp-content\/plugins\/impressum-manager\/includes\/impressum\/impressum-manager-email-as-image.php?text=hfeige@aqualight.de'><\/td><\/tr><\/table><h2>Registereintrag:<\/h2><p>Handelsregister<br>Amtsgericht Osnabr\u00fcck<br>B20887<\/p><h2>Umsatzsteuer-ID:<\/h2><p>Umsatzsteuer-Identifikationsnummer gem\u00e4\u00df \u00a727 a Umsatzsteuergesetz:<br \/>DE231406833<\/p><h1>Haftungsausschluss (Disclaimer)<\/h1><p><strong>Haftung f\u00fcr Inhalte<\/strong><\/p> <p>Als Diensteanbieter sind wir gem\u00e4\u00df \u00a7 7 Abs.1 TMG f\u00fcr eigene Inhalte auf diesen Seiten nach den allgemeinen Gesetzen verantwortlich. Nach \u00a7\u00a7 8 bis 10 TMG sind wir als Diensteanbieter jedoch nicht verpflichtet, \u00fcbermittelte oder gespeicherte fremde Informationen zu \u00fcberwachen oder nach Umst\u00e4nden zu forschen, die auf eine rechtswidrige T\u00e4tigkeit hinweisen. Verpflichtungen zur Entfernung oder Sperrung der Nutzung von Informationen nach den allgemeinen Gesetzen bleiben hiervon unber\u00fchrt. Eine diesbez\u00fcgliche Haftung ist jedoch erst ab dem Zeitpunkt der Kenntnis einer konkreten Rechtsverletzung m\u00f6glich. Bei Bekanntwerden von entsprechenden Rechtsverletzungen werden wir diese Inhalte umgehend entfernen.<\/p> <p><strong>Haftung f\u00fcr Links<\/strong><\/p> <p>Unser Angebot enth\u00e4lt Links zu externen Webseiten Dritter, auf deren Inhalte wir keinen Einfluss haben. Deshalb k\u00f6nnen wir f\u00fcr diese fremden Inhalte auch keine Gew\u00e4hr \u00fcbernehmen. F\u00fcr die Inhalte der verlinkten Seiten ist stets der jeweilige Anbieter oder Betreiber der Seiten verantwortlich. Die verlinkten Seiten wurden zum Zeitpunkt der Verlinkung auf m\u00f6gliche Rechtsverst\u00f6\u00dfe \u00fcberpr\u00fcft. Rechtswidrige Inhalte waren zum Zeitpunkt der Verlinkung nicht erkennbar. Eine permanente inhaltliche Kontrolle der verlinkten Seiten ist jedoch ohne konkrete Anhaltspunkte einer Rechtsverletzung nicht zumutbar. Bei Bekanntwerden von Rechtsverletzungen werden wir derartige Links umgehend entfernen.<\/p> <p><strong>Urheberrecht<\/strong><\/p> <p>Die durch die Seitenbetreiber erstellten Inhalte und Werke auf diesen Seiten unterliegen dem deutschen Urheberrecht. Die Vervielf\u00e4ltigung, Bearbeitung, Verbreitung und jede Art der Verwertung au\u00dferhalb der Grenzen des Urheberrechtes bed\u00fcrfen der schriftlichen Zustimmung des jeweiligen Autors bzw. Erstellers. Downloads und Kopien dieser Seite sind nur f\u00fcr den privaten, nicht kommerziellen Gebrauch gestattet. Soweit die Inhalte auf dieser Seite nicht vom Betreiber erstellt wurden, werden die Urheberrechte Dritter beachtet. Insbesondere werden Inhalte Dritter als solche gekennzeichnet. Sollten Sie trotzdem auf eine Urheberrechtsverletzung aufmerksam werden, bitten wir um einen entsprechenden Hinweis. Bei Bekanntwerden von Rechtsverletzungen werden wir derartige Inhalte umgehend entfernen.<\/p><h2>Datenschutzerkl\u00e4rung:<\/h2><p><strong>Datenschutz<\/strong><\/p><p>Die Nutzung unserer Webseite ist in der Regel ohne Angabe personenbezogener Daten m\u00f6glich. Soweit auf unseren Seiten personenbezogene Daten (beispielsweise Name, Anschrift oder eMail-Adressen) erhoben werden, erfolgt dies, soweit m\u00f6glich, stets auf freiwilliger Basis. Diese Daten werden ohne Ihre ausdr\u00fcckliche Zustimmung nicht an Dritte weitergegeben. <\/p><p>Wir weisen darauf hin, dass die Daten\u00fcbertragung im Internet (z.B. bei der Kommunikation per E-Mail) Sicherheitsl\u00fccken aufweisen kann. Ein l\u00fcckenloser Schutz der Daten vor dem Zugriff durch Dritte ist nicht m\u00f6glich. <\/p><p>Der Nutzung von im Rahmen der Impressumspflicht ver\u00f6ffentlichten Kontaktdaten durch Dritte zur \u00dcbersendung von nicht ausdr\u00fccklich angeforderter Werbung und Informationsmaterialien wird hiermit ausdr\u00fccklich widersprochen. Die Betreiber der Seiten behalten sich ausdr\u00fccklich rechtliche Schritte im Falle der unverlangten Zusendung von Werbeinformationen, etwa durch Spam-Mails, vor.<\/p><p><strong>Datenschutzerkl&auml;rung f&uuml;r die Nutzung von Google Analytics<\/strong><\/p> <p>Diese Website benutzt Google Analytics, einen Webanalysedienst der Google Inc. (\"Google\"). Google Analytics verwendet sog. \"Cookies\", Textdateien, die auf Ihrem Computer gespeichert werden und die eine Analyse der Benutzung der Website durch Sie erm&ouml;glichen. Die durch den Cookie erzeugten Informationen &uuml;ber Ihre Benutzung dieser Website werden in der Regel an einen Server von Google in den USA &uuml;bertragen und dort gespeichert. Im Falle der Aktivierung der IP-Anonymisierung auf dieser Webseite wird Ihre IP-Adresse von Google jedoch innerhalb von Mitgliedstaaten der Europ&auml;ischen Union oder in anderen Vertragsstaaten des Abkommens &uuml;ber den Europ&auml;ischen Wirtschaftsraum zuvor gek&uuml;rzt.<\/p> <p>Nur in Ausnahmef&auml;llen wird die volle IP-Adresse an einen Server von Google in den USA &uuml;bertragen und dort gek&uuml;rzt. Im Auftrag des Betreibers dieser Website wird Google diese Informationen benutzen, um Ihre Nutzung der Website auszuwerten, um Reports &uuml;ber die Websiteaktivit&auml;ten zusammenzustellen und um weitere mit der Websitenutzung und der Internetnutzung verbundene Dienstleistungen gegen&uuml;ber dem Websitebetreiber zu erbringen. Die im Rahmen von Google Analytics von Ihrem Browser &uuml;bermittelte IP-Adresse wird nicht mit anderen Daten von Google zusammengef&uuml;hrt.<\/p> <p>Sie k&ouml;nnen die Speicherung der Cookies durch eine entsprechende Einstellung Ihrer Browser-Software verhindern; wir weisen Sie jedoch darauf hin, dass Sie in diesem Fall gegebenenfalls nicht s&auml;mtliche Funktionen dieser Website vollumf&auml;nglich werden nutzen k&ouml;nnen. Sie k&ouml;nnen dar&uuml;ber hinaus die Erfassung der durch das Cookie erzeugten und auf Ihre Nutzung der Website bezogenen Daten (inkl. Ihrer IP-Adresse) an Google sowie die Verarbeitung dieser Daten durch Google verhindern, indem sie das unter dem folgenden Link verf&uuml;gbare Browser-Plugin herunterladen und installieren: <a href=\"http:\/\/tools.google.com\/dlpage\/gaoptout?hl=de\">http:\/\/tools.google.com\/dlpage\/gaoptout?hl=de<\/a>.<p>&nbsp;<\/p><strong>Auskunft, L&ouml;schung, Sperrung<\/strong><\/p> <p>Sie haben jederzeit das Recht auf unentgeltliche Auskunft &uuml;ber Ihre gespeicherten personenbezogenen Daten, deren Herkunft und Empf&auml;nger und den Zweck der Datenverarbeitung sowie ein Recht auf Berichtigung, Sperrung oder L&ouml;schung dieser Daten. Hierzu sowie zu weiteren Fragen zum Thema personenbezogene Daten k&ouml;nnen Sie sich jederzeit &uuml;ber die im Impressum angegeben Adresse des Webseitenbetreibers an uns wenden.<\/p>\n<\/div><\/div>","protected":false},"excerpt":{"rendered":"","protected":false},"author":2,"featured_media":0,"parent":0,"menu_order":0,"comment_status":"closed","ping_status":"closed","template":"","meta":{"footnotes":""},"class_list":["post-153","page","type-page","status-publish","hentry"],"_links":{"self":[{"href":"https:\/\/symbiofilter.de\/index.php?rest_route=\/wp\/v2\/pages\/153"}],"collection":[{"href":"https:\/\/symbiofilter.de\/index.php?rest_route=\/wp\/v2\/pages"}],"about":[{"href":"https:\/\/symbiofilter.de\/index.php?rest_route=\/wp\/v2\/types\/page"}],"author":[{"embeddable":true,"href":"https:\/\/symbiofilter.de\/index.php?rest_route=\/wp\/v2\/users\/2"}],"replies":[{"embeddable":true,"href":"https:\/\/symbiofilter.de\/index.php?rest_route=%2Fwp%2Fv2%2Fcomments&post=153"}],"version-history":[{"count":3,"href":"https:\/\/symbiofilter.de\/index.php?rest_route=\/wp\/v2\/pages\/153\/revisions"}],"predecessor-version":[{"id":156,"href":"https:\/\/symbiofilter.de\/index.php?rest_route=\/wp\/v2\/pages\/153\/revisions\/156"}],"wp:attachment":[{"href":"https:\/\/symbiofilter.de\/index.php?rest_route=%2Fwp%2Fv2%2Fmedia&parent=153"}],"curies":[{"name":"wp","href":"https:\/\/api.w.org\/{rel}","templated":true}]}}