{"id":61,"date":"2017-10-17T11:38:05","date_gmt":"2017-10-17T11:38:05","guid":{"rendered":"http:\/\/symbiofilter.de\/?page_id=61"},"modified":"2017-10-17T11:54:42","modified_gmt":"2017-10-17T11:54:42","slug":"luft-waescher","status":"publish","type":"page","link":"https:\/\/symbiofilter.de\/?page_id=61","title":{"rendered":"Luft W\u00e4scher"},"content":{"rendered":"<div id=\"dslc-content\" class=\"dslc-content dslc-clearfix\"><div id=\"dslc-main\">\n\t\t<div  class=\"dslc-modules-section  dslc-full \" style=\"\" data-section-id=\"1f235ca5a82\">\n\t\t\t\t\n\t\t\t\t\n\t\t\t\t<div class=\"dslc-modules-section-wrapper dslc-clearfix\"><div class=\"dslc-modules-area dslc-col dslc-6-col dslc-first-col\" data-size=\"6\" data-valign=\"\">\n\t\t<div id=\"dslc-module-bf2e8948156\" class=\"dslc-module-front dslc-module-DSLC_Image dslc-in-viewport-check dslc-in-viewport-anim-none  dslc-col dslc-12-col dslc-last-col  dslc-module-handle-like-regular \" data-module-id=\"bf2e8948156\" data-module=\"DSLC_Image\" data-dslc-module-size=\"12\" data-dslc-anim=\"none\" data-dslc-anim-delay=\"\" data-dslc-anim-duration=\"650\"  data-dslc-anim-easing=\"ease\" data-dslc-preset=\"none\" >\n\n\t\t\t\n\t\t\t\n\t\t\t\t<div class=\"dslc-image-container\">\n\t\t<div class=\"dslc-image\">\n\n\t\t\t\n\t\t\t\t\n\t\t\t\t\t\t\t\t\t<img src=\"https:\/\/symbiofilter.de\/wp-content\/uploads\/2017\/10\/luft-w\u00e4scher.jpg\" alt=\"\" title=\"\" srcset=\"https:\/\/symbiofilter.de\/wp-content\/uploads\/2017\/10\/luft-w\u00e4scher.jpg 729w, https:\/\/symbiofilter.de\/wp-content\/uploads\/2017\/10\/luft-w\u00e4scher-300x283.jpg 300w\" sizes=\"(max-width: 729px) 100vw, 729px\" \/>\n\t\t\t\t\n\t\t\t\t\t\t\t\t\t<\/div><!-- .dslc-image -->\n\t\t<\/div>\n\t\t\n\t\t\t\t<\/div><!-- .dslc-module -->\n\t\t<\/div><div class=\"dslc-modules-area dslc-col dslc-6-col dslc-last-col\" data-size=\"6\" data-valign=\"\">\n\t\t<div id=\"dslc-module-f928f38dc62\" class=\"dslc-module-front dslc-module-DSLC_Text_Simple dslc-in-viewport-check dslc-in-viewport-anim-none  dslc-col dslc-12-col dslc-last-col  dslc-module-handle-like-regular \" data-module-id=\"f928f38dc62\" data-module=\"DSLC_Text_Simple\" data-dslc-module-size=\"12\" data-dslc-anim=\"none\" data-dslc-anim-delay=\"\" data-dslc-anim-duration=\"650\"  data-dslc-anim-easing=\"ease\" data-dslc-preset=\"none\" >\n\n\t\t\t\n\t\t\t\n\t\t\n\t\t<div class=\"dslc-text-module-content\">\n\t\t\t<p><strong>Luft - Reinigungsleistung des W\u00e4schers:<\/strong><br> Es ist \u00e4u\u00dferst schwierig Reinigungsleistungen von W\u00e4schern mit der Reinigungsleistung anderen biologischen Reinigungsstrukturen zu vergleichen. Auf keinen Fall m\u00f6chten wir die Impression vermitteln, dass durch unseren technischen Luftw\u00e4scher ein Wald ersetzt werden kann. Dennoch benutzen Mitarbeiter genau diesen Vergleich. Die Reinigungsleistung der Mikrostruktur von z.B. Moosw\u00e4nden wird folgenderma\u00dfen angegeben:<br> Reinigungsleistung von 1m2 Mooswand entspricht ca. der Reinigungsleistung von 14 B\u00e4umen<br> Reinigungsleistung des W\u00e4schers:<br> Durch Einsatz von 12 Wasserd\u00fcsen (2 m hohen Plexiglass\u00e4le mit 60 cm Durchmesser), die eine d\u00fcnne Tellerstruktur des Wasserfilmes erm\u00f6glichen wird eine hohe Oberfl\u00e4che kreiert. Die Oberfl\u00e4che wird von der Luft durchstr\u00f6mt. Beide Seiten der Oberfl\u00e4che k\u00f6nnen so interaktive mit der Luft wirken und Schadstoffe aus der Luft ins Wasser sp\u00fclen. Die reaktive Wasseroberfl\u00e4che in unserem W\u00e4scher betr\u00e4gt mindestens 19m2.<br> Die Aufnahme von Schadstoffen aus der Luft ins Wasser entspricht mindestens der Aufnahmef\u00e4higkeit von Moosen.<br> 14 B\u00e4ume x 19m2 Oberfl\u00e4che: 266 B\u00e4ume reinigen im Zeitintervall<br> Da wir aktive durch den Ventilator 100 m3\/h durch das Wasser ziehen, werden bei 8 st\u00fcndigem Gebrauch des W\u00e4schers ca. 2128 B\u00e4ume als Reinigungsleistung erreicht. Dieser Wert wird durch den Einsatz von Mikroalgen noch erh\u00f6ht.<\/p>\t\t<\/div>\n\n\t\t\n\t\t\t\t<\/div><!-- .dslc-module -->\n\t\t<\/div><\/div><\/div><\/div><\/div>","protected":false},"excerpt":{"rendered":"<p>Luft &#8211; Reinigungsleistung des W\u00e4schers: Es ist \u00e4u\u00dferst schwierig Reinigungsleistungen von W\u00e4schern mit der Reinigungsleistung anderen biologischen Reinigungsstrukturen zu vergleichen. Auf keinen Fall m\u00f6chten wir die Impression vermitteln, dass durch unseren technischen Luftw\u00e4scher ein Wald ersetzt werden kann. Dennoch benutzen Mitarbeiter genau diesen Vergleich. Die Reinigungsleistung der Mikrostruktur von z.B. Moosw\u00e4nden wird folgenderma\u00dfen angegeben: Reinigungsleistung [&hellip;]<\/p>\n","protected":false},"author":2,"featured_media":0,"parent":0,"menu_order":2,"comment_status":"closed","ping_status":"closed","template":"","meta":{"footnotes":""},"class_list":["post-61","page","type-page","status-publish","hentry"],"_links":{"self":[{"href":"https:\/\/symbiofilter.de\/index.php?rest_route=\/wp\/v2\/pages\/61"}],"collection":[{"href":"https:\/\/symbiofilter.de\/index.php?rest_route=\/wp\/v2\/pages"}],"about":[{"href":"https:\/\/symbiofilter.de\/index.php?rest_route=\/wp\/v2\/types\/page"}],"author":[{"embeddable":true,"href":"https:\/\/symbiofilter.de\/index.php?rest_route=\/wp\/v2\/users\/2"}],"replies":[{"embeddable":true,"href":"https:\/\/symbiofilter.de\/index.php?rest_route=%2Fwp%2Fv2%2Fcomments&post=61"}],"version-history":[{"count":3,"href":"https:\/\/symbiofilter.de\/index.php?rest_route=\/wp\/v2\/pages\/61\/revisions"}],"predecessor-version":[{"id":87,"href":"https:\/\/symbiofilter.de\/index.php?rest_route=\/wp\/v2\/pages\/61\/revisions\/87"}],"wp:attachment":[{"href":"https:\/\/symbiofilter.de\/index.php?rest_route=%2Fwp%2Fv2%2Fmedia&parent=61"}],"curies":[{"name":"wp","href":"https:\/\/api.w.org\/{rel}","templated":true}]}}