{"id":63,"date":"2017-10-17T11:38:38","date_gmt":"2017-10-17T11:38:38","guid":{"rendered":"http:\/\/symbiofilter.de\/?page_id=63"},"modified":"2019-09-26T07:36:07","modified_gmt":"2019-09-26T07:36:07","slug":"forschung-und-entwicklung","status":"publish","type":"page","link":"https:\/\/symbiofilter.de\/?page_id=63","title":{"rendered":"Forschung und Entwicklung"},"content":{"rendered":"<div id=\"dslc-theme-content\"><div id=\"dslc-theme-content-inner\"><h2>Aktuelle Forschungsprojekte:<br><strong>1. W\u00e4scher mit eine Soleapplikation<\/strong>:<\/h2>\n<p>Durch Anwendung salzliebender Organismen im Solew\u00e4scher wird die Reinigungsleistung des W\u00e4schers optimiert. Es kommt zu einem Salineneffekt. Die Applikation in z.B. B\u00fcror\u00e4umen w\u00fcrde eine Verbesserung des Raumklimas zur Folge haben.<\/p>\n<p>Au\u00dferdem werden wir unsere Aqua Light LED Technik mit in allen W\u00e4schern einflie\u00dfen lassen.<\/p>\n<p><\/p>\n\n\n<div class=\"wp-block-image\"><figure class=\"aligncenter is-resized\"><img loading=\"lazy\" decoding=\"async\" src=\"https:\/\/symbiofilter.de\/wp-content\/uploads\/2019\/09\/Sole-W\u00e4scher.jpg\" alt=\"\" class=\"wp-image-166\" width=\"139\" height=\"592\"\/><figcaption><strong>Solewasser W\u00e4scher<\/strong><\/figcaption><\/figure><\/div>\n\n\n\n<h2 class=\"wp-block-heading\"> 2. <strong>Feine<\/strong> <strong>Luftblasen retten alle nat\u00fcrlichen Gew\u00e4sser:<\/strong><\/h2>\n\n\n\n<figure class=\"wp-block-image\"><img loading=\"lazy\" decoding=\"async\" width=\"1024\" height=\"512\" src=\"https:\/\/symbiofilter.de\/wp-content\/uploads\/2019\/09\/Perlschlauch-1024x512.png\" alt=\"\" class=\"wp-image-172\" srcset=\"https:\/\/symbiofilter.de\/wp-content\/uploads\/2019\/09\/Perlschlauch-1024x512.png 1024w, https:\/\/symbiofilter.de\/wp-content\/uploads\/2019\/09\/Perlschlauch-300x150.png 300w, https:\/\/symbiofilter.de\/wp-content\/uploads\/2019\/09\/Perlschlauch-768x384.png 768w, https:\/\/symbiofilter.de\/wp-content\/uploads\/2019\/09\/Perlschlauch.png 1382w\" sizes=\"(max-width: 1024px) 100vw, 1024px\" \/><\/figure>\n\n\n\n<figure class=\"wp-block-image\"><img loading=\"lazy\" decoding=\"async\" width=\"1024\" height=\"768\" src=\"https:\/\/symbiofilter.de\/wp-content\/uploads\/2019\/09\/Franke-1-1024x768.jpg\" alt=\"\" class=\"wp-image-176\" srcset=\"https:\/\/symbiofilter.de\/wp-content\/uploads\/2019\/09\/Franke-1-1024x768.jpg 1024w, https:\/\/symbiofilter.de\/wp-content\/uploads\/2019\/09\/Franke-1-300x225.jpg 300w, https:\/\/symbiofilter.de\/wp-content\/uploads\/2019\/09\/Franke-1-768x576.jpg 768w, https:\/\/symbiofilter.de\/wp-content\/uploads\/2019\/09\/Franke-1.jpg 2016w\" sizes=\"(max-width: 1024px) 100vw, 1024px\" \/><figcaption><strong>Feine Luftblasen erh\u00f6hen den Sauerstoffgehalt im Seewasser f\u00fcr das Wachstum von aeroben Mikroben<\/strong><\/figcaption><\/figure>\n\n\n\n<figure class=\"wp-block-image\"><img loading=\"lazy\" decoding=\"async\" width=\"1024\" height=\"434\" src=\"https:\/\/symbiofilter.de\/wp-content\/uploads\/2019\/09\/Unbenannt-1024x434.png\" alt=\"\" class=\"wp-image-188\" srcset=\"https:\/\/symbiofilter.de\/wp-content\/uploads\/2019\/09\/Unbenannt-1024x434.png 1024w, https:\/\/symbiofilter.de\/wp-content\/uploads\/2019\/09\/Unbenannt-300x127.png 300w, https:\/\/symbiofilter.de\/wp-content\/uploads\/2019\/09\/Unbenannt-768x325.png 768w, https:\/\/symbiofilter.de\/wp-content\/uploads\/2019\/09\/Unbenannt.png 1371w\" sizes=\"(max-width: 1024px) 100vw, 1024px\" \/><\/figure>\n<\/div><\/div>","protected":false},"excerpt":{"rendered":"<p>Aktuelle Forschungsprojekte:1. W\u00e4scher mit eine Soleapplikation: Durch Anwendung salzliebender Organismen im Solew\u00e4scher wird die Reinigungsleistung des W\u00e4schers optimiert. Es kommt zu einem Salineneffekt. Die Applikation in z.B. B\u00fcror\u00e4umen w\u00fcrde eine Verbesserung des Raumklimas zur Folge haben. Au\u00dferdem werden wir unsere Aqua Light LED Technik mit in allen W\u00e4schern einflie\u00dfen lassen. 2. Feine Luftblasen retten alle [&hellip;]<\/p>\n","protected":false},"author":2,"featured_media":0,"parent":0,"menu_order":3,"comment_status":"closed","ping_status":"closed","template":"","meta":{"footnotes":""},"class_list":["post-63","page","type-page","status-publish","hentry"],"_links":{"self":[{"href":"https:\/\/symbiofilter.de\/index.php?rest_route=\/wp\/v2\/pages\/63"}],"collection":[{"href":"https:\/\/symbiofilter.de\/index.php?rest_route=\/wp\/v2\/pages"}],"about":[{"href":"https:\/\/symbiofilter.de\/index.php?rest_route=\/wp\/v2\/types\/page"}],"author":[{"embeddable":true,"href":"https:\/\/symbiofilter.de\/index.php?rest_route=\/wp\/v2\/users\/2"}],"replies":[{"embeddable":true,"href":"https:\/\/symbiofilter.de\/index.php?rest_route=%2Fwp%2Fv2%2Fcomments&post=63"}],"version-history":[{"count":20,"href":"https:\/\/symbiofilter.de\/index.php?rest_route=\/wp\/v2\/pages\/63\/revisions"}],"predecessor-version":[{"id":189,"href":"https:\/\/symbiofilter.de\/index.php?rest_route=\/wp\/v2\/pages\/63\/revisions\/189"}],"wp:attachment":[{"href":"https:\/\/symbiofilter.de\/index.php?rest_route=%2Fwp%2Fv2%2Fmedia&parent=63"}],"curies":[{"name":"wp","href":"https:\/\/api.w.org\/{rel}","templated":true}]}}