{"id":77,"date":"2017-10-17T11:55:16","date_gmt":"2017-10-17T11:55:16","guid":{"rendered":"http:\/\/symbiofilter.de\/?page_id=77"},"modified":"2017-10-17T11:55:16","modified_gmt":"2017-10-17T11:55:16","slug":"symbiofilter-2","status":"publish","type":"page","link":"https:\/\/symbiofilter.de\/?page_id=77","title":{"rendered":"Symbiofilter"},"content":{"rendered":"<div id=\"dslc-content\" class=\"dslc-content dslc-clearfix\"><div id=\"dslc-main\">\n\t\t<div  class=\"dslc-modules-section  dslc-full \" style=\"padding-bottom:20px;padding-top:20px;\" data-section-id=\"6011f449185\">\n\t\t\t\t\n\t\t\t\t\n\t\t\t\t<div class=\"dslc-modules-section-wrapper dslc-clearfix\"><div class=\"dslc-modules-area dslc-col dslc-4-col dslc-first-col\" data-size=\"4\" data-valign=\"\">\n\t\t<div id=\"dslc-module-5a18247a748\" class=\"dslc-module-front dslc-module-DSLC_Image dslc-in-viewport-check dslc-in-viewport-anim-none  dslc-col dslc-12-col dslc-last-col  dslc-module-handle-like-regular \" data-module-id=\"5a18247a748\" data-module=\"DSLC_Image\" data-dslc-module-size=\"12\" data-dslc-anim=\"none\" data-dslc-anim-delay=\"\" data-dslc-anim-duration=\"650\"  data-dslc-anim-easing=\"ease\" data-dslc-preset=\"none\" >\n\n\t\t\t\n\t\t\t\n\t\t\t\t<div class=\"dslc-image-container\">\n\t\t<div class=\"dslc-image\">\n\n\t\t\t\n\t\t\t\t\n\t\t\t\t\t\t\t\t\t<img src=\"https:\/\/symbiofilter.de\/wp-content\/uploads\/2017\/10\/symbiofilter.jpg\" alt=\"\" title=\"\" srcset=\"https:\/\/symbiofilter.de\/wp-content\/uploads\/2017\/10\/symbiofilter.jpg 415w, https:\/\/symbiofilter.de\/wp-content\/uploads\/2017\/10\/symbiofilter-169x300.jpg 169w\" sizes=\"(max-width: 415px) 100vw, 415px\" \/>\n\t\t\t\t\n\t\t\t\t\t\t\t\t\t<\/div><!-- .dslc-image -->\n\t\t<\/div>\n\t\t\n\t\t\t\t<\/div><!-- .dslc-module -->\n\t\t<\/div><div class=\"dslc-modules-area dslc-col dslc-6-col \" data-size=\"6\" data-valign=\"\">\n\t\t<div id=\"dslc-module-159b971ce3c\" class=\"dslc-module-front dslc-module-DSLC_Text_Simple dslc-in-viewport-check dslc-in-viewport-anim-none  dslc-col dslc-12-col dslc-last-col  dslc-module-handle-like-regular \" data-module-id=\"159b971ce3c\" data-module=\"DSLC_Text_Simple\" data-dslc-module-size=\"12\" data-dslc-anim=\"none\" data-dslc-anim-delay=\"\" data-dslc-anim-duration=\"650\"  data-dslc-anim-easing=\"ease\" data-dslc-preset=\"none\" >\n\n\t\t\t\n\t\t\t\n\t\t\n\t\t<div class=\"dslc-text-module-content\">\n\t\t\t<h2>\u00a0<\/h2><h2 style=\"text-align: center;\">Neuartig, symbiotisch, aquatisch, mehrebig!<br> Abwasser- und Abluft Aufreinigung<\/h2><p>\u00a0<\/p><div class=\"dslca-editable-content\" data-type=\"simple\" data-id=\"content\" data-exportable-content=\"\"><h2 style=\"text-align: center;\">Aqua Light<\/h2><h2 style=\"text-align: center;\">Kurzer Abriss der Unternehmensgeschichte<\/h2><p>Seit 1987 hat sich die Aqua Light GmbH \u00fcber den Aquaristik Gro\u00dfhandel zu einem hoch innovativen, professionellen, mittelst\u00e4ndischen Unternehmen entwickelt. Fokus des Unternehmens ist die biologische Wasserreinigung. In Zusammenarbeit mit der Universit\u00e4t Osnabr\u00fcck wurde der Symbiofilter entwickelt.<\/p><\/div>\t\t<\/div>\n\n\t\t\n\t\t\t\t<\/div><!-- .dslc-module -->\n\t\t<\/div><\/div><\/div>\n\t\t<div  class=\"dslc-modules-section  dslc-full \" style=\"padding-bottom:20px;padding-top:20px;\" data-section-id=\"07c10821243\">\n\t\t\t\t\n\t\t\t\t\n\t\t\t\t<div class=\"dslc-modules-section-wrapper dslc-clearfix\"><div class=\"dslc-modules-area dslc-col dslc-12-col dslc-last-col\" data-size=\"12\" data-valign=\"\">\n\t\t<div id=\"dslc-module-39f26d81b2f\" class=\"dslc-module-front dslc-module-DSLC_Text_Simple dslc-in-viewport-check dslc-in-viewport-anim-none  dslc-col dslc-12-col dslc-last-col  dslc-module-handle-like-regular \" data-module-id=\"39f26d81b2f\" data-module=\"DSLC_Text_Simple\" data-dslc-module-size=\"12\" data-dslc-anim=\"none\" data-dslc-anim-delay=\"\" data-dslc-anim-duration=\"650\"  data-dslc-anim-easing=\"ease\" data-dslc-preset=\"none\" >\n\n\t\t\t\n\t\t\t\n\t\t\n\t\t<div class=\"dslc-text-module-content\">\n\t\t\t<h2 style=\"text-align: center;\"><strong><u>Aufbau und Funktionsweise des Symbiofilters:<\/u><\/strong><\/h2><p style=\"text-align: center;\">Der Symbiofilter wird ganzj\u00e4hrig in unseren Breiten in einem Gew\u00e4chshaus realisiert.<\/p>\t\t<\/div>\n\n\t\t\n\t\t\t\t<\/div><!-- .dslc-module -->\n\t\t<\/div><\/div><\/div>\n\t\t<div  class=\"dslc-modules-section  dslc-full \" style=\"padding-bottom:3px;padding-top:3px;\" data-section-id=\"6011f449185\">\n\t\t\t\t\n\t\t\t\t\n\t\t\t\t<div class=\"dslc-modules-section-wrapper dslc-clearfix\"><div class=\"dslc-modules-area dslc-col dslc-12-col dslc-last-col\" data-size=\"12\" data-valign=\"\">\n\t\t<div id=\"dslc-module-5217cda1c78\" class=\"dslc-module-front dslc-module-DSLC_Image dslc-in-viewport-check dslc-in-viewport-anim-none  dslc-col dslc-12-col dslc-last-col  dslc-module-handle-like-regular \" data-module-id=\"5217cda1c78\" data-module=\"DSLC_Image\" data-dslc-module-size=\"12\" data-dslc-anim=\"none\" data-dslc-anim-delay=\"\" data-dslc-anim-duration=\"650\"  data-dslc-anim-easing=\"ease\" data-dslc-preset=\"none\" >\n\n\t\t\t\n\t\t\t\n\t\t\t\t<div class=\"dslc-image-container\">\n\t\t<div class=\"dslc-image\">\n\n\t\t\t\n\t\t\t\t\n\t\t\t\t\t\t\t\t\t<img src=\"https:\/\/symbiofilter.de\/wp-content\/uploads\/2017\/10\/symbio-illustration.png\" alt=\"\" title=\"\" srcset=\"https:\/\/symbiofilter.de\/wp-content\/uploads\/2017\/10\/symbio-illustration.png 892w, https:\/\/symbiofilter.de\/wp-content\/uploads\/2017\/10\/symbio-illustration-300x213.png 300w, https:\/\/symbiofilter.de\/wp-content\/uploads\/2017\/10\/symbio-illustration-768x546.png 768w\" sizes=\"(max-width: 892px) 100vw, 892px\" \/>\n\t\t\t\t\n\t\t\t\t\t\t\t\t\t<\/div><!-- .dslc-image -->\n\t\t<\/div>\n\t\t\n\t\t\t\t<\/div><!-- .dslc-module -->\n\t\t<\/div><\/div><\/div>\n\t\t<div  class=\"dslc-modules-section  dslc-full \" style=\"padding-bottom:38px;padding-top:38px;\" data-section-id=\"6011f449185\">\n\t\t\t\t\n\t\t\t\t\n\t\t\t\t<div class=\"dslc-modules-section-wrapper dslc-clearfix\"><div class=\"dslc-modules-area dslc-col dslc-8-col dslc-first-col\" data-size=\"8\" data-valign=\"\">\n\t\t<div id=\"dslc-module-547c684cab7\" class=\"dslc-module-front dslc-module-DSLC_Image dslc-in-viewport-check dslc-in-viewport-anim-none  dslc-col dslc-12-col dslc-last-col  dslc-module-handle-like-regular \" data-module-id=\"547c684cab7\" data-module=\"DSLC_Image\" data-dslc-module-size=\"12\" data-dslc-anim=\"none\" data-dslc-anim-delay=\"\" data-dslc-anim-duration=\"650\"  data-dslc-anim-easing=\"ease\" data-dslc-preset=\"none\" >\n\n\t\t\t\n\t\t\t\n\t\t\t\t<div class=\"dslc-image-container\">\n\t\t<div class=\"dslc-image\">\n\n\t\t\t\n\t\t\t\t\n\t\t\t\t\t\t\t\t\t<img src=\"https:\/\/symbiofilter.de\/wp-content\/uploads\/2017\/10\/lemna-series.jpg\" alt=\"\" title=\"\" srcset=\"https:\/\/symbiofilter.de\/wp-content\/uploads\/2017\/10\/lemna-series.jpg 707w, https:\/\/symbiofilter.de\/wp-content\/uploads\/2017\/10\/lemna-series-300x140.jpg 300w\" sizes=\"(max-width: 707px) 100vw, 707px\" \/>\n\t\t\t\t\n\t\t\t\t\t\t\t\t\t<\/div><!-- .dslc-image -->\n\t\t<\/div>\n\t\t\n\t\t\t\t<\/div><!-- .dslc-module -->\n\t\t<\/div><div class=\"dslc-modules-area dslc-col dslc-4-col dslc-last-col\" data-size=\"4\" data-valign=\"\">\n\t\t<div id=\"dslc-module-1b70595911e\" class=\"dslc-module-front dslc-module-DSLC_Text_Simple dslc-in-viewport-check dslc-in-viewport-anim-none  dslc-col dslc-12-col dslc-last-col  dslc-module-handle-like-regular \" data-module-id=\"1b70595911e\" data-module=\"DSLC_Text_Simple\" data-dslc-module-size=\"12\" data-dslc-anim=\"none\" data-dslc-anim-delay=\"\" data-dslc-anim-duration=\"650\"  data-dslc-anim-easing=\"ease\" data-dslc-preset=\"none\" >\n\n\t\t\t\n\t\t\t\n\t\t\n\t\t<div class=\"dslc-text-module-content\">\n\t\t\t<p>Optimales Wachstum der im Filter eingesetzten Organismen, setzt neben anderen abiotischen Faktoren, unter anderem ideale Str\u00f6mungsgeschwindigkeit voraus. Anwendungsorientiert werden die Becken mit einer Kombination aus bestimmten Stoffwechselspezialisten angeimpft. <br> <br> Einige der von uns eingesetzte Arten zur Nitratbeseitigung:<br> <em>Lemna<\/em> spec., <em>Oedogonium<\/em> spec., <em>Spirogyra<\/em> spec. <em>Scenedesmus<\/em> spec., <em>Anabaena<\/em> spec., <em>Azotobacter<\/em> spec., <em>Thiobacillus emulsuficans<\/em> und <em>Thiobacillus denitrificas<\/em>, diverse Wassermoose<\/p>\t\t<\/div>\n\n\t\t\n\t\t\t\t<\/div><!-- .dslc-module -->\n\t\t<\/div><\/div><\/div>\n\t\t<div  class=\"dslc-modules-section  dslc-full \" style=\"padding-bottom:0px;padding-top:0px;\" data-section-id=\"6011f449185\">\n\t\t\t\t\n\t\t\t\t\n\t\t\t\t<div class=\"dslc-modules-section-wrapper dslc-clearfix\"><div class=\"dslc-modules-area dslc-col dslc-12-col dslc-last-col\" data-size=\"12\" data-valign=\"\">\n\t\t<div id=\"dslc-module-71f8c81410d\" class=\"dslc-module-front dslc-module-DSLC_Text_Simple dslc-in-viewport-check dslc-in-viewport-anim-none  dslc-col dslc-12-col dslc-last-col  dslc-module-handle-like-regular \" data-module-id=\"71f8c81410d\" data-module=\"DSLC_Text_Simple\" data-dslc-module-size=\"12\" data-dslc-anim=\"none\" data-dslc-anim-delay=\"\" data-dslc-anim-duration=\"650\"  data-dslc-anim-easing=\"ease\" data-dslc-preset=\"none\" >\n\n\t\t\t\n\t\t\t\n\t\t\n\t\t<div class=\"dslc-text-module-content\">\n\t\t\t<p><strong>Energetische Betrachtung der Filtermodule\/Skalierung <br> <u>Erzeugung der Biomasse: <\/u><\/strong>F\u00fcr die Erzeugung von Biomasse (BM) in dem neuartigen Filter gilt wie bei vielen Wachstumsprozessen in der Natur der Ansatz: Der zeitliche Zuwachs d(BM)\/dt ist proportional zur Anfangskonzentration (BM0) mit einer bestimmten Wachstumskonstante \u03bbi f\u00fcr die Pflanzensorte gem\u00e4\u00df der Differentialgleichung:<\/p><p style=\"text-align: center;\">d(BM<sub>i<\/sub>)\/dt = BM<sub>0 <\/sub>x \u03bb<sub>i<\/sub>x t \u00a0\u00a0\u00a0\u00a0\u00a0\u00a0\u00a0\u00a0\u00a0\u00a0\u00a0\u00a0\u00a0\u00a0\u00a0\u00a0\u00a0\u00a0\u00a0\u00a0\u00a0\u00a0\u00a0\u00a0\u00a0\u00a0\u00a0\u00a0\u00a0\u00a0\u00a0\u00a0\u00a0\u00a0\u00a0\u00a0\u00a0\u00a0\u00a0\u00a0\u00a0\u00a0\u00a0\u00a0\u00a0\u00a0\u00a0\u00a0 (1)<\/p><p>Der L\u00f6sungsansatz von Gleichung 1 ist:<\/p><p style=\"text-align: center;\">BM<sub>i<\/sub>(t) = BM<sub>i0<\/sub> x exp( \u03bb<sub>i<\/sub>t)\u00a0\u00a0\u00a0\u00a0\u00a0\u00a0\u00a0\u00a0\u00a0\u00a0\u00a0\u00a0\u00a0\u00a0\u00a0\u00a0\u00a0\u00a0\u00a0\u00a0\u00a0\u00a0\u00a0\u00a0\u00a0\u00a0\u00a0\u00a0\u00a0\u00a0\u00a0\u00a0\u00a0\u00a0\u00a0\u00a0\u00a0\u00a0\u00a0\u00a0\u00a0\u00a0\u00a0\u00a0\u00a0\u00a0\u00a0 (2)<\/p><p>Dabei ist \u03bb<sub>i<\/sub> = \u03bb<sub>i<\/sub>(T,I,pH,P,N,v)\u00a0 eine Funktion der Parameter:<\/p><p>T = Temperatur<\/p><p>I\u00a0 = Lichtintensit\u00e4t<\/p><p>pH= pH-Wert, hier meist bestimmt durch CO<sub>2<\/sub>-Zufuhr, zugleich C-Quelle<\/p><p>P= Phosphorkonzentration<\/p><p>N= Stickstoffkonzentration, als NO<sub>3<\/sub> oder NH<sub>4<\/sub><\/p><p>v=Fliessgeschwindigkeit<\/p><p><br> In der Biologie wird die Wachstumskonstante oft durch eine Verdopplungszeit t<sub>Di <\/sub>angegeben.<\/p><p>Der Zusammenhang ist:<\/p><p style=\"text-align: center;\">\u03bb<sub>i <\/sub>= t<sub>Di<\/sub>\/ ln2\u00a0\u00a0\u00a0\u00a0\u00a0\u00a0\u00a0\u00a0\u00a0\u00a0\u00a0\u00a0\u00a0\u00a0\u00a0\u00a0\u00a0\u00a0\u00a0\u00a0\u00a0\u00a0\u00a0\u00a0\u00a0\u00a0\u00a0\u00a0\u00a0\u00a0\u00a0\u00a0\u00a0\u00a0\u00a0\u00a0\u00a0\u00a0\u00a0\u00a0\u00a0\u00a0<\/p><p>so das sich f\u00fcr t= t<sub>Di <\/sub>\u00a0eine Verdopplung der Biomassekonzentration ergibt.<\/p><p>Die Entnahme oder Ernte von Biomasse (EB(t) sollte dem Zuwachs entsprechen, um den Filter am Arbeitspunkt zu halten:<\/p><p style=\"text-align: center;\"><em>EB(t)\u2264d(BM)\/dt \u00a0\u00a0\u00a0\u00a0\u00a0\u00a0\u00a0\u00a0\u00a0\u00a0\u00a0\u00a0\u00a0\u00a0\u00a0\u00a0\u00a0\u00a0\u00a0\u00a0\u00a0\u00a0\u00a0\u00a0\u00a0\u00a0\u00a0\u00a0\u00a0\u00a0\u00a0\u00a0\u00a0\u00a0\u00a0\u00a0\u00a0\u00a0\u00a0\u00a0\u00a0\u00a0\u00a0\u00a0\u00a0\u00a0\u00a0\u00a0\u00a0\u00a0\u00a0\u00a0\u00a0\u00a0\u00a0\u00a0\u00a0\u00a0\u00a0\u00a0\u00a0 \u00a0<\/em><\/p><p>In dem vorliegenden System verkompliziert sich das Gleichungssystem dadurch, dass es sich um mehrere Arten handelt, die in Symbiose miteinander leben.<\/p><p>Um den Symbiofilter den jeweiligen Gr\u00f6\u00dfenverh\u00e4ltnissen der unterschiedlichen Anwender anzupassen muss eine Aufskalierung des Filters je nach Betriebsart und Schadstoffbelastung erfolgen. Die Beispielrechnung bezieht sich auf den G\u00fclleabbau in der Masttierhaltung.<\/p><p><strong><u>Verwendete Abk\u00fcrzungen: <br> <\/u><\/strong>W =Watt =VA, 1kW =10<sup>3<\/sup>W, 1Joule (J) =1Ws<br> h= Stunde 3600s<br> d= Tag,<br> y=Jahr=365d<br> BM =Biomasse=Trockenmasse<br> BME= Ernte Biomasse<\/p><p>Annahme: mittlere Einstrahlung f\u00fcr Mitteleuropa 1000W\/m<sup> 2<\/sup>h<\/p><p><strong>Im Jahresmittel<\/strong> Einstrahlung von 10h\/Tag, ergibt eine Energie von 10.000Wh\/m<sup>2<\/sup>d<br> oder W= 10.000 x 3600 Ws\/m<sup>2<\/sup> =3,6 x 10<sup>7<\/sup> Joule\/m<sup>2<\/sup>. F\u00fcr Weisslicht liegt der Wirkungsgrad f\u00fcr die Photosynthese bei 11%. Damit kann eine Biomasse (BM) mit 3,96 x 10<sup>6<\/sup>Joule Energieinhalt pro Tag und m<sup>2<\/sup> erzeugt werden. Im Symbiofilter wird die photosynthetisch aktive Strahlung (PAR) verwendet.<\/p><p>Damit ergibt sich eine Obergrenze f\u00fcr die produzierbare Biomasse von <strong>198 g Biomasse\/Tag\/Quadratmeter.<\/strong><\/p><p><strong>Bei der geplanten Fl\u00e4che von 166 qm sind das 32,9 kg am Tag und im Jahr 12 Tonnen. <\/strong><\/p><p>Biomasse enth\u00e4lt zu <strong>9%<\/strong> Stickstoff. Es k\u00f6nnen also entsprechend <strong>17,8 g<\/strong> Stickstoff\/ Tag und Quadratmeter verarbeitet werden. F\u00fcr die Gesamte Filterfl\u00e4che bedeutet das ein j\u00e4hrlicher Stickstoffentzug aus dem Wasser von <strong>1.080 Kg<\/strong><\/p><p>(Das ist eine konservative Sch\u00e4tzung, bei PAR Strahlung ist der Ertrag in der Regel doppelt so hoch wie bei normalen Tageslichtlampen.)<\/p><p><strong>Betriebskosten:<br> <\/strong>In unseren Breiten betr\u00e4gt die mittlere Bestrahlungsst\u00e4rke durch die Sonne im Winter: 10.000Lux und im Sommer 50.000Lux.<\/p><p>Die Masse eines open top Containers sind: L\u00e4nge L=12,2m , H\u00f6he H=2,9m und Breite B=2,3m Bei einer Deckenbebauung aus Plexiglas von 12,5mx3m erreichen wir eine Deckfl\u00e4che von 37,5m2 f\u00fcr die oberste Filterterasse. Innerhalb des Containers soll LED-Pflanzenlicht verwendet werden. Dabei wird erstens nur PAR-Strahlung erzeugt (50% vom nat\u00fcrlichen Spektrum) und zweitens k\u00f6nnen wir unsere Filterterassen von beiden Seiten, insbesondere von der Wasserseite her beleuchten (spezielle Expertise von Aqualight) Moderne Pflanzen LED\u00b4s sind erh\u00e4ltlich mit einer Leistung von 140 lm\/W. Damit m\u00fcssen wir mit einer elektrischen Leistungsaufnahme von:<\/p><p>6883.9 W oder 6,884 kW rechnen<\/p><p>Bei einer Betriebsdauer von 10h\/ Tag oder der optimalen Beleuchtungsdauer unseres biologischen Systems von 10h w\u00e4ren das 68,8kWh pro Tag oder bei einem Preis von 0,23\u20ac\/kWh Stromkosten f\u00fcr Beleuchtung des Filters von<\/p><p>15,8 \u20ac\/Tag<\/p><p>Im Jahr sind das 5.767 Euro.<\/p><p>F\u00fcr den Wasserkreislauf wird eine ATK die mit 75 Watt \u00fcber 2000 Liter auf 3 Meter H\u00f6he f\u00f6rdert verwendet. Das sind 1800 Watt\/Tag oder 1,8 KWh\/Tag, also 0,41\u20ac\/Tag: x 365: \u00a0150 Euro\/Jahr.<\/p><p>Dem gegen\u00fcber steht ein Ertrag durch die Verwertung (Verkauf) von Biomasse in der H\u00f6he 12.000 kg mal 0,3 Euro (Preis f\u00fcr Biomasse) 3.600 Euro.<\/p><p>Die Betriebskosten liegen somit bei rund 5.900 Euro abzgl. eines Biomasseertrags von 3.600 Euro, so dass die resultierenden Kosten rund <strong>2.300 Euro<\/strong> betragen.<\/p><p>Der Symbiofilter kann vom Anwender selbst gewartet werden.<\/p><p>Referenzen zu den obigen Berechnungen:<\/p><ol><li>Ammoniak und Ammonium, Bayrisches Landesamt f\u00fcr Umweltschutz, Seite 8,<\/li><\/ol><p>Stand 2004(Zitat f\u00fcr Schwellwert 15mg\/m<sup>3<\/sup>)<\/p><ol><li>Bachelorarbeit von Inga Vanessa Kirstein, 2011, Univ. Duisburg-Essen (Brennwert, Algen)<\/li><\/ol><p>3 Internet: statistische Zusammensetzung der Biomasse<\/p><p>4 <a href=\"http:\/\/www.dlr.rlp.de\">www.dlr.rlp.de<\/a>: Die Rinderg\u00fclle optimal in der Gr\u00fcnlandschaft einsetzen\u201c<\/p><p>5.Ewald Grimm,\u00a0 KTBL (Kuratorium f\u00fcr Technik und Bauwesen in der Landwirtschaft):Anforderungen der TA Luft f\u00fcr den Stallbau<\/p><p><strong><u>Steuerung der Anlage:<\/u><\/strong><\/p><p>Der Symbiofilter wird in einem bestimmten pH-Bereich betrieben. Regelparameter f\u00fcr pH, Leitf\u00e4higkeit und optimale Temperatur wird \u00fcber Sensoren erfasst und geregelt.<\/p><p><u>F<\/u>unktionalit\u00e4ten und relevante Parameter mit zugeh\u00f6rigem L\u00f6sungsweg<\/p><p>Das Gesamtentwicklungsziel ist ein modulares System, dass Abw\u00e4sser reinigen kann. Dazu haben wir verschiedene Einzelziele realisiert.<\/p><p><strong>Kaskadenf\u00f6rmige Geometrie. <\/strong>Der Symbiofilter besteht aus mehreren Kunstoffbeh\u00e4ltnissen, in denen das Wasser raumsparend den Filter durchl\u00e4uft. Artenbezogen ist die H\u00f6he der einzelnen Filterbecken an Durchflussrate und Sonneneinstrahlung angepasst. Bei der Auslegung der Verrohrung und Dimensionierung und Form der einzelnen Ebenen, wird durch str\u00f6mungsmechanische Betrachtungen Turbulenzen umgangen und laminare Str\u00f6mung realisiert. Das neue biologische Filtersystem wird sowohl f\u00fcr hohe als auch niedrige Temperaturen optimiert. Im Winter werden bei herk\u00f6mmlichen Wurzelholzanlagen nach Stand der Technik die Spr\u00fchsysteme eingestellt.<\/p><p><strong>Erntemechanismus.<\/strong> Die entstandene Biomasse wird durch eine energiearme Erntetechnik von der Wasseroberfl\u00e4che der einzelnen Filterstufen \u201egeerntet\u201c. Diese Oberfl\u00e4chenabsaugung ist sehr wartungsfrei. Automatisierung des Erntesystems ist m\u00f6glich. Freischwimmendes Plankton wird einfach mitgeerntet. Anschlie\u00dfend wird die Biomasse durch ein Lochbrett vom gereinigten Abwasser getrennt. Die so gewonnene Biomasse wird vom Lochbrett mechanisch abgeschabt und der Weiterverwertung zugef\u00fchrt.<\/p><p><strong>Verwertbarer Biomasse.<\/strong> Durch den Symbiofilter wird verwertbarer Biomasse aus Abw\u00e4ssern und mit einem Luftw\u00e4scher, Abluft aus Mastst\u00e4llen gereinigt. Der Symbiofilter erm\u00f6glicht die mechanische Ernte von 32 kg Biomasse pro Tag.<\/p><p>Innerhalb 24 Stunden k\u00f6nnen folgende Mengen N\u00e4hrstoffe abgebaut werden:<\/p><p>Stickstoff\u00a0\u00a0\u00a0\u00a0\u00a0\u00a0\u00a0\u00a0\u00a0\u00a0\u00a0 2,96 kg<\/p><p>Phosphat\u00a0\u00a0\u00a0\u00a0\u00a0\u00a0\u00a0\u00a0\u00a0\u00a0\u00a0 1,56 kg<\/p><p>Um das Ziel zu erreichen, wird stark beanspruchtes Wasser in einem Mischer in eine optimale Konzentration \u00fcberf\u00fchrt. Der pH-Wert des Wassers im Mischer wird \u00fcber Zugabe von CO<sub>2<\/sub>-haltige Abluft oder durch einen Luftw\u00e4scher eingestellt.<\/p><p><strong>Organismen<\/strong>:<\/p><p>Die isolierten Organismen sind zu 100% monoalgal. Die isolierten Organismen sind genetisch identifiziert. Es werden mindestens 6 Gattungen mit je 4 Linien verwendet. Die einzelnen Arten werden mikrobiologisch gez\u00fcchtet und identifiziert. Die Artbestimmung erfolgt durch DNA Sequenzierung.<\/p><p>Aqualight entwickelte den Schwefelfilter der unter Lichtabdeckung anaerob arbeitet. Dieser Filter wird mit verschiedene Bakterien aus unserem Labor wie zum Beispiel <em>Thiobacillus emulsuficans<\/em> und <em>Thiobacillus denitrificas<\/em>, die Nitrat anaerob abbauen betrieben. Im Symbiolfilter reduzieren wir hohe Mengen von Nitrat auf rein nat\u00fcrliche Weise aus Abw\u00e4ssern.<\/p>\t\t<\/div>\n\n\t\t\n\t\t\t\t<\/div><!-- .dslc-module -->\n\t\t<\/div><\/div><\/div><\/div><\/div>","protected":false},"excerpt":{"rendered":"<p>\u00a0Neuartig, symbiotisch, aquatisch, mehrebig! Abwasser- und Abluft Aufreinigung\u00a0Aqua LightKurzer Abriss der UnternehmensgeschichteSeit 1987 hat sich die Aqua Light GmbH \u00fcber den Aquaristik Gro\u00dfhandel zu einem hoch innovativen, professionellen, mittelst\u00e4ndischen Unternehmen entwickelt. Fokus des Unternehmens ist die biologische Wasserreinigung. In Zusammenarbeit mit der Universit\u00e4t Osnabr\u00fcck wurde der Symbiofilter entwickelt. Aufbau und Funktionsweise des Symbiofilters:Der Symbiofilter wird [&hellip;]<\/p>\n","protected":false},"author":2,"featured_media":0,"parent":0,"menu_order":1,"comment_status":"closed","ping_status":"closed","template":"","meta":{"footnotes":""},"class_list":["post-77","page","type-page","status-publish","hentry"],"_links":{"self":[{"href":"https:\/\/symbiofilter.de\/index.php?rest_route=\/wp\/v2\/pages\/77"}],"collection":[{"href":"https:\/\/symbiofilter.de\/index.php?rest_route=\/wp\/v2\/pages"}],"about":[{"href":"https:\/\/symbiofilter.de\/index.php?rest_route=\/wp\/v2\/types\/page"}],"author":[{"embeddable":true,"href":"https:\/\/symbiofilter.de\/index.php?rest_route=\/wp\/v2\/users\/2"}],"replies":[{"embeddable":true,"href":"https:\/\/symbiofilter.de\/index.php?rest_route=%2Fwp%2Fv2%2Fcomments&post=77"}],"version-history":[{"count":1,"href":"https:\/\/symbiofilter.de\/index.php?rest_route=\/wp\/v2\/pages\/77\/revisions"}],"predecessor-version":[{"id":78,"href":"https:\/\/symbiofilter.de\/index.php?rest_route=\/wp\/v2\/pages\/77\/revisions\/78"}],"wp:attachment":[{"href":"https:\/\/symbiofilter.de\/index.php?rest_route=%2Fwp%2Fv2%2Fmedia&parent=77"}],"curies":[{"name":"wp","href":"https:\/\/api.w.org\/{rel}","templated":true}]}}